{"id":29830,"date":"2017-02-16T09:16:27","date_gmt":"2017-02-16T08:16:27","guid":{"rendered":"https:\/\/osteopathe-chatel.ch\/info\/"},"modified":"2024-08-21T15:33:36","modified_gmt":"2024-08-21T13:33:36","slug":"info","status":"publish","type":"page","link":"https:\/\/osteopathe-chatel.ch\/en\/info\/","title":{"rendered":"info"},"content":{"rendered":"<p>[et_pb_section fb_built=&#8221;1&#8243; fullwidth=&#8221;on&#8221; admin_label=&#8221;Section&#8221; _builder_version=&#8221;4.16&#8243; custom_padding=&#8221;0px|0px|0px|0px&#8221; transparent_background=&#8221;off&#8221; make_fullwidth=&#8221;off&#8221; use_custom_width=&#8221;off&#8221; width_unit=&#8221;off&#8221; custom_width_px=&#8221;1080px&#8221; custom_width_percent=&#8221;80%&#8221; global_colors_info=&#8221;{}&#8221;][et_pb_fullwidth_slider admin_label=&#8221;Curseur de d\u00e9filement plein \u00e9cran&#8221; _builder_version=&#8221;4.16&#8243; custom_padding=&#8221;|||&#8221; custom_padding_tablet=&#8221;|||&#8221; custom_padding_phone=&#8221;|||&#8221; button_letter_spacing_hover=&#8221;0&#8243; remove_inner_shadow=&#8221;on&#8221; hide_content_on_mobile=&#8221;off&#8221; hide_cta_on_mobile=&#8221;off&#8221; show_inner_shadow=&#8221;off&#8221; global_colors_info=&#8221;{}&#8221; button_text_size__hover_enabled=&#8221;off&#8221; button_one_text_size__hover_enabled=&#8221;off&#8221; button_two_text_size__hover_enabled=&#8221;off&#8221; button_text_color__hover_enabled=&#8221;off&#8221; button_one_text_color__hover_enabled=&#8221;off&#8221; button_two_text_color__hover_enabled=&#8221;off&#8221; button_border_width__hover_enabled=&#8221;off&#8221; button_one_border_width__hover_enabled=&#8221;off&#8221; button_two_border_width__hover_enabled=&#8221;off&#8221; button_border_color__hover_enabled=&#8221;off&#8221; button_one_border_color__hover_enabled=&#8221;off&#8221; button_two_border_color__hover_enabled=&#8221;off&#8221; button_border_radius__hover_enabled=&#8221;off&#8221; button_one_border_radius__hover_enabled=&#8221;off&#8221; button_two_border_radius__hover_enabled=&#8221;off&#8221; button_letter_spacing__hover_enabled=&#8221;on&#8221; button_letter_spacing__hover=&#8221;0&#8243; button_one_letter_spacing__hover_enabled=&#8221;off&#8221; button_two_letter_spacing__hover_enabled=&#8221;off&#8221; button_bg_color__hover_enabled=&#8221;off&#8221; button_one_bg_color__hover_enabled=&#8221;off&#8221; button_two_bg_color__hover_enabled=&#8221;off&#8221;][et_pb_slide heading=&#8221;Practical information&#8221; use_bg_overlay=&#8221;on&#8221; bg_overlay_color=&#8221;rgba(0,0,0,0.5)&#8221; use_text_overlay=&#8221;off&#8221; _builder_version=&#8221;4.16&#8243; header_font=&#8221;||||&#8221; header_font_size=&#8221;85&#8243; body_font=&#8221;||||&#8221; body_line_height=&#8221;1.5em&#8221; background_color=&#8221;#000000&#8243; background_image=&#8221;https:\/\/osteopathe-chatel.ch\/wp-content\/uploads\/2021\/01\/IMG_2042-scaled.jpg&#8221; background_enable_image=&#8221;on&#8221; custom_button=&#8221;on&#8221; button_text_size=&#8221;16&#8243; button_text_color=&#8221;#ffffff&#8221; button_border_color=&#8221;#ffffff&#8221; button_font=&#8221;||||&#8221; button_use_icon=&#8221;off&#8221; header_font_size_tablet=&#8221;80px&#8221; header_font_size_phone=&#8221;50px&#8221; header_font_size_last_edited=&#8221;on|phone&#8221; body_font_size_tablet=&#8221;&#8221; body_font_size_phone=&#8221;&#8221; body_font_size_last_edited=&#8221;on|tablet&#8221; button_text_size_tablet=&#8221;16&#8243; button_text_size_phone=&#8221;16&#8243; button_text_color_hover=&#8221;#666666&#8243; button_bg_color_hover=&#8221;#ffffff&#8221; global_colors_info=&#8221;{}&#8221; button_text_size__hover_enabled=&#8221;off&#8221; button_one_text_size__hover_enabled=&#8221;off&#8221; button_two_text_size__hover_enabled=&#8221;off&#8221; button_text_color__hover_enabled=&#8221;on&#8221; button_text_color__hover=&#8221;#666666&#8243; button_one_text_color__hover_enabled=&#8221;off&#8221; button_two_text_color__hover_enabled=&#8221;off&#8221; button_border_width__hover_enabled=&#8221;off&#8221; button_one_border_width__hover_enabled=&#8221;off&#8221; button_two_border_width__hover_enabled=&#8221;off&#8221; button_border_color__hover_enabled=&#8221;off&#8221; button_one_border_color__hover_enabled=&#8221;off&#8221; button_two_border_color__hover_enabled=&#8221;off&#8221; button_border_radius__hover_enabled=&#8221;off&#8221; button_one_border_radius__hover_enabled=&#8221;off&#8221; button_two_border_radius__hover_enabled=&#8221;off&#8221; button_letter_spacing__hover_enabled=&#8221;off&#8221; button_one_letter_spacing__hover_enabled=&#8221;off&#8221; button_two_letter_spacing__hover_enabled=&#8221;off&#8221; button_bg_color__hover_enabled=&#8221;on&#8221; button_bg_color__hover=&#8221;#ffffff&#8221; button_one_bg_color__hover_enabled=&#8221;off&#8221; button_two_bg_color__hover_enabled=&#8221;off&#8221; sticky_transition=&#8221;on&#8221;]<\/p>\n<p style=\"text-align: center;\">We invite you to read this useful information.<\/p>\n<p>[\/et_pb_slide][\/et_pb_fullwidth_slider][\/et_pb_section][et_pb_section fb_built=&#8221;1&#8243; admin_label=&#8221;section&#8221; _builder_version=&#8221;4.16&#8243; custom_padding=&#8221;0px|0px|0px|0px&#8221; transparent_background=&#8221;off&#8221; make_fullwidth=&#8221;off&#8221; use_custom_width=&#8221;off&#8221; width_unit=&#8221;off&#8221; custom_width_px=&#8221;1080px&#8221; custom_width_percent=&#8221;80%&#8221; global_colors_info=&#8221;{}&#8221;][et_pb_row column_structure=&#8221;1_2,1_2&#8243; use_custom_gutter=&#8221;on&#8221; gutter_width=&#8221;1&#8243; admin_label=&#8221;row&#8221; module_class=&#8221; et_pb_row_fullwidth&#8221; _builder_version=&#8221;4.16&#8243; background_size=&#8221;initial&#8221; background_position=&#8221;top_left&#8221; background_repeat=&#8221;repeat&#8221; width=&#8221;100%&#8221; width_tablet=&#8221;100%&#8221; width_phone=&#8221;&#8221; width_last_edited=&#8221;on|desktop&#8221; max_width=&#8221;100%&#8221; max_width_tablet=&#8221;100%&#8221; max_width_phone=&#8221;&#8221; max_width_last_edited=&#8221;on|desktop&#8221; custom_padding=&#8221;0px|0px|0px|0px&#8221; make_fullwidth=&#8221;on&#8221; use_custom_width=&#8221;off&#8221; width_unit=&#8221;off&#8221; custom_width_px=&#8221;1080px&#8221; custom_width_percent=&#8221;80%&#8221; global_colors_info=&#8221;{}&#8221;][et_pb_column type=&#8221;1_2&#8243; _builder_version=&#8221;4.16&#8243; custom_padding=&#8221;|||&#8221; global_colors_info=&#8221;{}&#8221; custom_padding__hover=&#8221;|||&#8221;][et_pb_image force_fullwidth=&#8221;on&#8221; align_tablet=&#8221;center&#8221; align_phone=&#8221;&#8221; align_last_edited=&#8221;on|desktop&#8221; admin_label=&#8221;Image&#8221; _builder_version=&#8221;4.16&#8243; background_color=&#8221;#e5b167&#8243; animation_style=&#8221;slide&#8221; animation_direction=&#8221;left&#8221; animation_duration=&#8221;500ms&#8221; animation_intensity_slide=&#8221;10%&#8221; use_border_color=&#8221;off&#8221; border_color=&#8221;#ffffff&#8221; border_width=&#8221;1px&#8221; border_style=&#8221;solid&#8221; sticky=&#8221;off&#8221; always_center_on_mobile=&#8221;on&#8221; global_colors_info=&#8221;{}&#8221;] [\/et_pb_image][\/et_pb_column][et_pb_column type=&#8221;1_2&#8243; _builder_version=&#8221;4.16&#8243; custom_padding=&#8221;|||&#8221; global_colors_info=&#8221;{}&#8221; custom_padding__hover=&#8221;|||&#8221;][et_pb_text admin_label=&#8221;Texte&#8221; _builder_version=&#8221;4.16&#8243; text_line_height=&#8221;1.5em&#8221; background_size=&#8221;initial&#8221; background_position=&#8221;top_left&#8221; background_repeat=&#8221;repeat&#8221; custom_margin=&#8221;|||&#8221; custom_padding=&#8221;90px|130px|90px|130px&#8221; custom_padding_tablet=&#8221;90px|100px|90px|100px&#8221; custom_padding_phone=&#8221;90px|40px|90px|40px&#8221; custom_padding_last_edited=&#8221;on|phone&#8221; use_border_color=&#8221;off&#8221; border_style=&#8221;solid&#8221; global_colors_info=&#8221;{}&#8221;]<\/p>\n<h1><\/h1>\n<h1><img decoding=\"async\" src=\"..\/\/wp-content\/uploads\/2017\/02\/light_grey.png\" width=\"63\" height=\"104\" alt=\"\" class=\"wp-image-28669 alignnone size-full\" \/><\/h1>\n<p>&nbsp;<\/p>\n<h1>Rates<\/h1>\n<p>&nbsp;<\/p>\n<p>Effective <span>January 1, 2022<\/span>, osteopathic consultations are billed according to the following fee schedule:<\/p>\n<p><i>130 per 45-50 minute consultation.<\/i><\/p>\n<p>On weekends and holidays, an extra charge of 20.00 will be made.<\/p>\n<p>You will be given a receipt for your insurance. Any consultation not cancelled 24 hours in advance is billable*. Payment can be made on site, in cash or by Twint.<\/p>\n<p><span>* profits donated to<\/span><span>\u00a0<\/span><a href=\"https:\/\/osteo-riviera.ch\/solidarite\/\">Ost\u00e9o Riviera Solidarit\u00e9<\/a><span> in case of missed appointment<\/span><span>\u00a0<\/span><\/p>\n<p>[\/et_pb_text][\/et_pb_column][\/et_pb_row][et_pb_row column_structure=&#8221;1_2,1_2&#8243; use_custom_gutter=&#8221;on&#8221; gutter_width=&#8221;1&#8243; admin_label=&#8221;row&#8221; module_class=&#8221; et_pb_row_fullwidth&#8221; _builder_version=&#8221;4.16&#8243; background_size=&#8221;initial&#8221; background_position=&#8221;top_left&#8221; background_repeat=&#8221;repeat&#8221; width=&#8221;100%&#8221; width_tablet=&#8221;100%&#8221; width_phone=&#8221;&#8221; width_last_edited=&#8221;on|desktop&#8221; max_width=&#8221;100%&#8221; max_width_tablet=&#8221;100%&#8221; max_width_phone=&#8221;&#8221; max_width_last_edited=&#8221;on|desktop&#8221; custom_padding=&#8221;0px|0px|0px|0px&#8221; make_fullwidth=&#8221;on&#8221; use_custom_width=&#8221;off&#8221; width_unit=&#8221;off&#8221; custom_width_px=&#8221;1080px&#8221; custom_width_percent=&#8221;80%&#8221; global_colors_info=&#8221;{}&#8221;][et_pb_column type=&#8221;1_2&#8243; _builder_version=&#8221;4.16&#8243; custom_padding=&#8221;|||&#8221; global_colors_info=&#8221;{}&#8221; custom_padding__hover=&#8221;|||&#8221;][et_pb_text admin_label=&#8221;Texte&#8221; _builder_version=&#8221;4.16&#8243; text_line_height=&#8221;1.5em&#8221; background_size=&#8221;initial&#8221; background_position=&#8221;top_left&#8221; background_repeat=&#8221;repeat&#8221; custom_padding=&#8221;90px|130px|90px|130px&#8221; custom_padding_tablet=&#8221;0px|100px|90px|100px&#8221; custom_padding_phone=&#8221;0px|40px|90px|40px&#8221; custom_padding_last_edited=&#8221;on|phone&#8221; use_border_color=&#8221;off&#8221; border_style=&#8221;solid&#8221; global_colors_info=&#8221;{}&#8221;]<\/p>\n<h1><\/h1>\n<h1> <img decoding=\"async\" src=\"..\/\/wp-content\/uploads\/2017\/02\/window_grey.png\" width=\"105\" height=\"93\" alt=\"\" class=\"wp-image-28670 alignnone size-full\"><\/h1>\n<p>&nbsp;<\/p>\n<h1>Reimbursement by complementary health insurance<\/h1>\n<p>&nbsp;<\/p>\n<p>Osteopathic procedures are reimbursed by most complementary health insurance companies. Some complementary health insurance companies issue lists of reimbursed therapists, and we are currently on all the lists in force.<\/p>\n<p>[\/et_pb_text][\/et_pb_column][et_pb_column type=&#8221;1_2&#8243; _builder_version=&#8221;4.16&#8243; custom_padding=&#8221;|||&#8221; global_colors_info=&#8221;{}&#8221; custom_padding__hover=&#8221;|||&#8221;][et_pb_image align=&#8221;center&#8221; force_fullwidth=&#8221;on&#8221; align_tablet=&#8221;center&#8221; align_phone=&#8221;&#8221; align_last_edited=&#8221;on|desktop&#8221; admin_label=&#8221;Image&#8221; _builder_version=&#8221;4.16&#8243; use_background_color_gradient=&#8221;on&#8221; animation_style=&#8221;slide&#8221; animation_direction=&#8221;right&#8221; animation_duration=&#8221;500ms&#8221; animation_intensity_slide=&#8221;10%&#8221; use_border_color=&#8221;off&#8221; border_color=&#8221;#ffffff&#8221; border_width=&#8221;1px&#8221; border_style=&#8221;solid&#8221; animation=&#8221;right&#8221; sticky=&#8221;off&#8221; always_center_on_mobile=&#8221;on&#8221; global_colors_info=&#8221;{}&#8221;] [\/et_pb_image][\/et_pb_column][\/et_pb_row][et_pb_row column_structure=&#8221;1_2,1_2&#8243; use_custom_gutter=&#8221;on&#8221; gutter_width=&#8221;1&#8243; admin_label=&#8221;row&#8221; module_class=&#8221; et_pb_row_fullwidth&#8221; _builder_version=&#8221;4.16&#8243; background_size=&#8221;initial&#8221; background_position=&#8221;top_left&#8221; background_repeat=&#8221;repeat&#8221; width=&#8221;100%&#8221; width_tablet=&#8221;100%&#8221; width_phone=&#8221;&#8221; width_last_edited=&#8221;on|desktop&#8221; max_width=&#8221;100%&#8221; max_width_tablet=&#8221;100%&#8221; max_width_phone=&#8221;&#8221; max_width_last_edited=&#8221;on|desktop&#8221; custom_margin=&#8221;|||&#8221; custom_padding=&#8221;0px|0px|0px|0px&#8221; make_fullwidth=&#8221;on&#8221; use_custom_width=&#8221;off&#8221; width_unit=&#8221;off&#8221; custom_width_px=&#8221;1080px&#8221; custom_width_percent=&#8221;80%&#8221; global_colors_info=&#8221;{}&#8221;][et_pb_column type=&#8221;1_2&#8243; _builder_version=&#8221;4.16&#8243; custom_padding=&#8221;0px     |                  | 0px |&#8221; global_colors_info=&#8221;{}&#8221; custom_padding__hover=&#8221;|||&#8221;][et_pb_image force_fullwidth=&#8221;on&#8221; align_tablet=&#8221;center&#8221; align_phone=&#8221;&#8221; align_last_edited=&#8221;on|desktop&#8221; admin_label=&#8221;Image&#8221; _builder_version=&#8221;4.16&#8243; background_color=&#8221;#e5b167&#8243; animation_style=&#8221;slide&#8221; animation_direction=&#8221;left&#8221; animation_duration=&#8221;500ms&#8221; animation_intensity_slide=&#8221;10%&#8221; use_border_color=&#8221;off&#8221; border_color=&#8221;#ffffff&#8221; border_width=&#8221;1px&#8221; border_style=&#8221;solid&#8221; sticky=&#8221;off&#8221; always_center_on_mobile=&#8221;on&#8221; global_colors_info=&#8221;{}&#8221;] [\/et_pb_image][\/et_pb_column][et_pb_column type=&#8221;1_2&#8243; _builder_version=&#8221;4.16&#8243; custom_padding=&#8221;      |        |    |&#8221; custom_padding_tablet=&#8221;&#8221; custom_padding_phone=&#8221;&#8221; custom_padding_last_edited=&#8221;on|desktop&#8221; global_colors_info=&#8221;{}&#8221; padding_last_edited=&#8221;on|desktop&#8221; custom_padding__hover=&#8221;|||&#8221;][et_pb_text admin_label=&#8221;Texte&#8221; _builder_version=&#8221;4.16&#8243; text_line_height=&#8221;1.5em&#8221; background_size=&#8221;initial&#8221; background_position=&#8221;top_left&#8221; background_repeat=&#8221;repeat&#8221; custom_margin=&#8221;|||&#8221; custom_padding=&#8221;90px|130px|90px|130px&#8221; custom_padding_tablet=&#8221;90px|100px|90px|100px&#8221; custom_padding_phone=&#8221;90px|40px|90px|40px&#8221; custom_padding_last_edited=&#8221;on|tablet&#8221; use_border_color=&#8221;off&#8221; border_style=&#8221;solid&#8221; global_colors_info=&#8221;{}&#8221;]<\/p>\n<h1><\/h1>\n<h1> <img decoding=\"async\" src=\"..\/\/wp-content\/uploads\/2017\/02\/chat_grey.png\" width=\"105\" height=\"88\" alt=\"\" class=\"wp-image-28668 alignnone size-full\"> <\/h1>\n<p>&nbsp;<\/p>\n<h1>Course of a session<\/h1>\n<p>&nbsp;<\/p>\n<p>For your safety, your therapist wears a mask during the session. Please bring a mask as well. If you forget, don&#8217;t worry, we have plenty for you.  <\/p>\n<p><strong>April 1, 2022 update<\/strong>: masks are now optional, except in the presence of respiratory or ENT symptoms. Our therapists usually wear a mask, as agreed with the patient.<\/p>\n<p>According to the agreement with the therapist, the patient is usually in underwear, so make sure you have a comfortable and appropriate outfit!<\/p>\n<p>[\/et_pb_text][\/et_pb_column][\/et_pb_row][\/et_pb_section]<\/p>\n","protected":false},"excerpt":{"rendered":"<p>We invite you to read this useful information. &nbsp; Rates &nbsp; Effective January 1, 2022, osteopathic consultations are billed according to the following fee schedule: 130 per 45-50 minute consultation. On weekends and holidays, an extra charge of 20.00 will be made. You will be given a receipt for your insurance. Any consultation not cancelled [&hellip;]<\/p>\n","protected":false},"author":1,"featured_media":0,"parent":0,"menu_order":0,"comment_status":"closed","ping_status":"closed","template":"","meta":{"_et_pb_use_builder":"on","_et_pb_old_content":"","_et_gb_content_width":"","footnotes":""},"class_list":["post-29830","page","type-page","status-publish","hentry"],"yoast_head":"<!-- This site is optimized with the Yoast SEO plugin v27.3 - https:\/\/yoast.com\/product\/yoast-seo-wordpress\/ -->\n<title>info - Aur\u00e9lien Huppert et al.&#039;s osteopathy practice, at Espace Sant\u00e9 \u2013 La Veveyse, in Ch\u00e2tel-Saint-Denis.<\/title>\n<meta name=\"description\" content=\"St\u00e9phanie Marco and Aur\u00e9lien Huppert\u2019s osteopathy practice, in the heart of the Espace Sant\u00e9 \u2013 La Veveyse, in Ch\u00e2tel-Saint-Denis. \u2013 021 519 21 13 \u2013 Online appointment \u2013 Route de Vevey 5, 1618 Ch\u00e2tel-St-Denis - info\" \/>\n<meta name=\"robots\" content=\"index, follow, max-snippet:-1, max-image-preview:large, max-video-preview:-1\" \/>\n<link rel=\"canonical\" href=\"https:\/\/osteopathe-chatel.ch\/en\/info\/\" \/>\n<meta property=\"og:locale\" content=\"en_US\" \/>\n<meta property=\"og:type\" content=\"article\" \/>\n<meta property=\"og:title\" content=\"info - Aur\u00e9lien Huppert et al.&#039;s osteopathy practice, at Espace Sant\u00e9 \u2013 La Veveyse, in Ch\u00e2tel-Saint-Denis.\" \/>\n<meta property=\"og:description\" content=\"St\u00e9phanie Marco and Aur\u00e9lien Huppert\u2019s osteopathy practice, in the heart of the Espace Sant\u00e9 \u2013 La Veveyse, in Ch\u00e2tel-Saint-Denis. \u2013 021 519 21 13 \u2013 Online appointment \u2013 Route de Vevey 5, 1618 Ch\u00e2tel-St-Denis - info\" \/>\n<meta property=\"og:url\" content=\"https:\/\/osteopathe-chatel.ch\/en\/info\/\" \/>\n<meta property=\"og:site_name\" content=\"Aur\u00e9lien Huppert et al.&#039;s osteopathy practice, at Espace Sant\u00e9 \u2013 La Veveyse, in Ch\u00e2tel-Saint-Denis.\" \/>\n<meta property=\"article:publisher\" content=\"https:\/\/www.facebook.com\/osteopathechatel.ch\" \/>\n<meta property=\"article:modified_time\" content=\"2024-08-21T13:33:36+00:00\" \/>\n<meta property=\"og:image\" content=\"https:\/\/osteopathe-chatel.ch\/wp-content\/uploads\/2024\/09\/LogoOC_500_Roue.png\" \/>\n\t<meta property=\"og:image:width\" content=\"500\" \/>\n\t<meta property=\"og:image:height\" content=\"197\" \/>\n\t<meta property=\"og:image:type\" content=\"image\/png\" \/>\n<meta name=\"twitter:card\" content=\"summary_large_image\" \/>\n<meta name=\"twitter:label1\" content=\"Est. reading time\" \/>\n\t<meta name=\"twitter:data1\" content=\"8 minutes\" \/>\n<script type=\"application\/ld+json\" class=\"yoast-schema-graph\">{\"@context\":\"https:\\\/\\\/schema.org\",\"@graph\":[{\"@type\":\"WebPage\",\"@id\":\"https:\\\/\\\/osteopathe-chatel.ch\\\/en\\\/info\\\/\",\"url\":\"https:\\\/\\\/osteopathe-chatel.ch\\\/en\\\/info\\\/\",\"name\":\"info - Aur\u00e9lien Huppert et al.&#039;s osteopathy practice, at Espace Sant\u00e9 \u2013 La Veveyse, in Ch\u00e2tel-Saint-Denis.\",\"isPartOf\":{\"@id\":\"https:\\\/\\\/osteopathe-chatel.ch\\\/en\\\/#website\"},\"datePublished\":\"2017-02-16T08:16:27+00:00\",\"dateModified\":\"2024-08-21T13:33:36+00:00\",\"description\":\"St\u00e9phanie Marco and Aur\u00e9lien Huppert\u2019s osteopathy practice, in the heart of the Espace Sant\u00e9 \u2013 La Veveyse, in Ch\u00e2tel-Saint-Denis. \u2013 021 519 21 13 \u2013 Online appointment \u2013 Route de Vevey 5, 1618 Ch\u00e2tel-St-Denis - info\",\"breadcrumb\":{\"@id\":\"https:\\\/\\\/osteopathe-chatel.ch\\\/en\\\/info\\\/#breadcrumb\"},\"inLanguage\":\"en-US\",\"potentialAction\":[{\"@type\":\"ReadAction\",\"target\":[\"https:\\\/\\\/osteopathe-chatel.ch\\\/en\\\/info\\\/\"]}]},{\"@type\":\"BreadcrumbList\",\"@id\":\"https:\\\/\\\/osteopathe-chatel.ch\\\/en\\\/info\\\/#breadcrumb\",\"itemListElement\":[{\"@type\":\"ListItem\",\"position\":1,\"name\":\"Our therapists\",\"item\":\"https:\\\/\\\/osteopathe-chatel.ch\\\/en\\\/\"},{\"@type\":\"ListItem\",\"position\":2,\"name\":\"info\"}]},{\"@type\":\"WebSite\",\"@id\":\"https:\\\/\\\/osteopathe-chatel.ch\\\/en\\\/#website\",\"url\":\"https:\\\/\\\/osteopathe-chatel.ch\\\/en\\\/\",\"name\":\"Aur\u00e9lien Huppert et al.&#039;s osteopathy practice, at Espace Sant\u00e9 \u2013 La Veveyse, in Ch\u00e2tel-Saint-Denis.\",\"description\":\"Prenez rendez-vous en ligne, nous vous recevons \u00e0 l&#039;Espace Sant\u00e9 - La Veveyse, \u00e0 Ch\u00e2tel-Saint-Denis\",\"publisher\":{\"@id\":\"https:\\\/\\\/osteopathe-chatel.ch\\\/en\\\/#organization\"},\"potentialAction\":[{\"@type\":\"SearchAction\",\"target\":{\"@type\":\"EntryPoint\",\"urlTemplate\":\"https:\\\/\\\/osteopathe-chatel.ch\\\/en\\\/?s={search_term_string}\"},\"query-input\":{\"@type\":\"PropertyValueSpecification\",\"valueRequired\":true,\"valueName\":\"search_term_string\"}}],\"inLanguage\":\"en-US\"},{\"@type\":\"Organization\",\"@id\":\"https:\\\/\\\/osteopathe-chatel.ch\\\/en\\\/#organization\",\"name\":\"Ost\u00e9opathe-Chatel.ch\",\"url\":\"https:\\\/\\\/osteopathe-chatel.ch\\\/en\\\/\",\"logo\":{\"@type\":\"ImageObject\",\"inLanguage\":\"en-US\",\"@id\":\"https:\\\/\\\/osteopathe-chatel.ch\\\/en\\\/#\\\/schema\\\/logo\\\/image\\\/\",\"url\":\"https:\\\/\\\/osteopathe-chatel.ch\\\/wp-content\\\/uploads\\\/2024\\\/09\\\/icone-blank-OC-500.png\",\"contentUrl\":\"https:\\\/\\\/osteopathe-chatel.ch\\\/wp-content\\\/uploads\\\/2024\\\/09\\\/icone-blank-OC-500.png\",\"width\":550,\"height\":550,\"caption\":\"Ost\u00e9opathe-Chatel.ch\"},\"image\":{\"@id\":\"https:\\\/\\\/osteopathe-chatel.ch\\\/en\\\/#\\\/schema\\\/logo\\\/image\\\/\"},\"sameAs\":[\"https:\\\/\\\/www.facebook.com\\\/osteopathechatel.ch\",\"https:\\\/\\\/www.instagram.com\\\/osteopathechatel.ch\\\/\"]}]}<\/script>\n<!-- \/ Yoast SEO plugin. -->","yoast_head_json":{"title":"info - Aur\u00e9lien Huppert et al.&#039;s osteopathy practice, at Espace Sant\u00e9 \u2013 La Veveyse, in Ch\u00e2tel-Saint-Denis.","description":"St\u00e9phanie Marco and Aur\u00e9lien Huppert\u2019s osteopathy practice, in the heart of the Espace Sant\u00e9 \u2013 La Veveyse, in Ch\u00e2tel-Saint-Denis. \u2013 021 519 21 13 \u2013 Online appointment \u2013 Route de Vevey 5, 1618 Ch\u00e2tel-St-Denis - info","robots":{"index":"index","follow":"follow","max-snippet":"max-snippet:-1","max-image-preview":"max-image-preview:large","max-video-preview":"max-video-preview:-1"},"canonical":"https:\/\/osteopathe-chatel.ch\/en\/info\/","og_locale":"en_US","og_type":"article","og_title":"info - Aur\u00e9lien Huppert et al.&#039;s osteopathy practice, at Espace Sant\u00e9 \u2013 La Veveyse, in Ch\u00e2tel-Saint-Denis.","og_description":"St\u00e9phanie Marco and Aur\u00e9lien Huppert\u2019s osteopathy practice, in the heart of the Espace Sant\u00e9 \u2013 La Veveyse, in Ch\u00e2tel-Saint-Denis. \u2013 021 519 21 13 \u2013 Online appointment \u2013 Route de Vevey 5, 1618 Ch\u00e2tel-St-Denis - info","og_url":"https:\/\/osteopathe-chatel.ch\/en\/info\/","og_site_name":"Aur\u00e9lien Huppert et al.&#039;s osteopathy practice, at Espace Sant\u00e9 \u2013 La Veveyse, in Ch\u00e2tel-Saint-Denis.","article_publisher":"https:\/\/www.facebook.com\/osteopathechatel.ch","article_modified_time":"2024-08-21T13:33:36+00:00","og_image":[{"width":500,"height":197,"url":"https:\/\/osteopathe-chatel.ch\/wp-content\/uploads\/2024\/09\/LogoOC_500_Roue.png","type":"image\/png"}],"twitter_card":"summary_large_image","twitter_misc":{"Est. reading time":"8 minutes"},"schema":{"@context":"https:\/\/schema.org","@graph":[{"@type":"WebPage","@id":"https:\/\/osteopathe-chatel.ch\/en\/info\/","url":"https:\/\/osteopathe-chatel.ch\/en\/info\/","name":"info - Aur\u00e9lien Huppert et al.&#039;s osteopathy practice, at Espace Sant\u00e9 \u2013 La Veveyse, in Ch\u00e2tel-Saint-Denis.","isPartOf":{"@id":"https:\/\/osteopathe-chatel.ch\/en\/#website"},"datePublished":"2017-02-16T08:16:27+00:00","dateModified":"2024-08-21T13:33:36+00:00","description":"St\u00e9phanie Marco and Aur\u00e9lien Huppert\u2019s osteopathy practice, in the heart of the Espace Sant\u00e9 \u2013 La Veveyse, in Ch\u00e2tel-Saint-Denis. \u2013 021 519 21 13 \u2013 Online appointment \u2013 Route de Vevey 5, 1618 Ch\u00e2tel-St-Denis - info","breadcrumb":{"@id":"https:\/\/osteopathe-chatel.ch\/en\/info\/#breadcrumb"},"inLanguage":"en-US","potentialAction":[{"@type":"ReadAction","target":["https:\/\/osteopathe-chatel.ch\/en\/info\/"]}]},{"@type":"BreadcrumbList","@id":"https:\/\/osteopathe-chatel.ch\/en\/info\/#breadcrumb","itemListElement":[{"@type":"ListItem","position":1,"name":"Our therapists","item":"https:\/\/osteopathe-chatel.ch\/en\/"},{"@type":"ListItem","position":2,"name":"info"}]},{"@type":"WebSite","@id":"https:\/\/osteopathe-chatel.ch\/en\/#website","url":"https:\/\/osteopathe-chatel.ch\/en\/","name":"Aur\u00e9lien Huppert et al.&#039;s osteopathy practice, at Espace Sant\u00e9 \u2013 La Veveyse, in Ch\u00e2tel-Saint-Denis.","description":"Prenez rendez-vous en ligne, nous vous recevons \u00e0 l&#039;Espace Sant\u00e9 - La Veveyse, \u00e0 Ch\u00e2tel-Saint-Denis","publisher":{"@id":"https:\/\/osteopathe-chatel.ch\/en\/#organization"},"potentialAction":[{"@type":"SearchAction","target":{"@type":"EntryPoint","urlTemplate":"https:\/\/osteopathe-chatel.ch\/en\/?s={search_term_string}"},"query-input":{"@type":"PropertyValueSpecification","valueRequired":true,"valueName":"search_term_string"}}],"inLanguage":"en-US"},{"@type":"Organization","@id":"https:\/\/osteopathe-chatel.ch\/en\/#organization","name":"Ost\u00e9opathe-Chatel.ch","url":"https:\/\/osteopathe-chatel.ch\/en\/","logo":{"@type":"ImageObject","inLanguage":"en-US","@id":"https:\/\/osteopathe-chatel.ch\/en\/#\/schema\/logo\/image\/","url":"https:\/\/osteopathe-chatel.ch\/wp-content\/uploads\/2024\/09\/icone-blank-OC-500.png","contentUrl":"https:\/\/osteopathe-chatel.ch\/wp-content\/uploads\/2024\/09\/icone-blank-OC-500.png","width":550,"height":550,"caption":"Ost\u00e9opathe-Chatel.ch"},"image":{"@id":"https:\/\/osteopathe-chatel.ch\/en\/#\/schema\/logo\/image\/"},"sameAs":["https:\/\/www.facebook.com\/osteopathechatel.ch","https:\/\/www.instagram.com\/osteopathechatel.ch\/"]}]}},"_links":{"self":[{"href":"https:\/\/osteopathe-chatel.ch\/en\/wp-json\/wp\/v2\/pages\/29830","targetHints":{"allow":["GET"]}}],"collection":[{"href":"https:\/\/osteopathe-chatel.ch\/en\/wp-json\/wp\/v2\/pages"}],"about":[{"href":"https:\/\/osteopathe-chatel.ch\/en\/wp-json\/wp\/v2\/types\/page"}],"author":[{"embeddable":true,"href":"https:\/\/osteopathe-chatel.ch\/en\/wp-json\/wp\/v2\/users\/1"}],"replies":[{"embeddable":true,"href":"https:\/\/osteopathe-chatel.ch\/en\/wp-json\/wp\/v2\/comments?post=29830"}],"version-history":[{"count":2,"href":"https:\/\/osteopathe-chatel.ch\/en\/wp-json\/wp\/v2\/pages\/29830\/revisions"}],"predecessor-version":[{"id":52238,"href":"https:\/\/osteopathe-chatel.ch\/en\/wp-json\/wp\/v2\/pages\/29830\/revisions\/52238"}],"wp:attachment":[{"href":"https:\/\/osteopathe-chatel.ch\/en\/wp-json\/wp\/v2\/media?parent=29830"}],"curies":[{"name":"wp","href":"https:\/\/api.w.org\/{rel}","templated":true}]}}