{"id":29775,"date":"2020-11-30T18:57:21","date_gmt":"2020-11-30T17:57:21","guid":{"rendered":"https:\/\/osteopathe-chatel.ch\/aurelien-huppert\/"},"modified":"2025-02-04T17:09:18","modified_gmt":"2025-02-04T16:09:18","slug":"aurelien-huppert","status":"publish","type":"page","link":"https:\/\/osteopathe-chatel.ch\/en\/aurelien-huppert\/","title":{"rendered":"Aur\u00e9lien Huppert"},"content":{"rendered":"<p>[et_pb_section fb_built=&#8221;1&#8243; _builder_version=&#8221;4.16&#8243; _module_preset=&#8221;default&#8221; global_colors_info=&#8221;{}&#8221;][et_pb_row _builder_version=&#8221;4.27.4&#8243; _module_preset=&#8221;default&#8221;][et_pb_column _builder_version=&#8221;4.27.4&#8243; _module_preset=&#8221;default&#8221; type=&#8221;4_4&#8243;][et_pb_text _builder_version=&#8221;4.27.4&#8243; _module_preset=&#8221;default&#8221; hover_enabled=&#8221;0&#8243; sticky_enabled=&#8221;0&#8243;]<\/p>\n<span><span><a href=\"https:\/\/osteopathe-chatel.ch\/en\/\">Our therapists<\/a><\/span><\/span>\n<p>[\/et_pb_text][\/et_pb_column][\/et_pb_row][et_pb_row _builder_version=&#8221;4.27.4&#8243; _module_preset=&#8221;default&#8221; global_colors_info=&#8221;{}&#8221;][et_pb_column type=&#8221;4_4&#8243; _builder_version=&#8221;4.16&#8243; _module_preset=&#8221;default&#8221; global_colors_info=&#8221;{}&#8221;][et_pb_team_member name=&#8221;Aur\u00e9lien Huppert&#8221; position=&#8221;Osteopath D.O. CDS \/ Member SuisseOsteo (FSO)&#8221; image_url=&#8221;https:\/\/osteopathe-chatel.ch\/wp-content\/uploads\/2022\/08\/AurelienHuppert2022.jpg&#8221; _builder_version=&#8221;4.18.0&#8243; _module_preset=&#8221;default&#8221; header_level=&#8221;h3&#8243; global_colors_info=&#8221;{}&#8221;]<\/p>\n<div class=\"od-profile-card-section-description-item\">\n<h4><\/h4>\n<h4>Graduate of the Superior Institute of Osteopathy of Lyon<\/h4>\n<h4><\/h4>\n<p><span style=\"font-size: small; color: #161616;\">Spoken languages<\/span><\/p>\n<h4><span style=\"font-size: small; color: #666666;\">French and English<\/span><\/h4>\n<p><span style=\"font-size: small;\"><\/span><\/p>\n<\/div>\n<div class=\"od-profile-card-section-description-item\">\n<h4><span style=\"font-size: small;\"><\/span><\/h4>\n<h4><span style=\"font-size: small;\">Insurance networks<\/span><\/h4>\n<p><span style=\"font-size: small;\">ASCA, RME and Visana<\/span><\/p>\n<\/div>\n<p>[\/et_pb_team_member][\/et_pb_column][\/et_pb_row][et_pb_row column_structure=&#8221;3_4,1_4&#8243; _builder_version=&#8221;4.7.0&#8243; _module_preset=&#8221;default&#8221; custom_padding=&#8221;37px|||||&#8221; global_module=&#8221;29277&#8243; saved_tabs=&#8221;all&#8221; global_colors_info=&#8221;{}&#8221;][et_pb_column type=&#8221;3_4&#8243; _builder_version=&#8221;4.16&#8243; _module_preset=&#8221;default&#8221; global_colors_info=&#8221;{}&#8221;][et_pb_team_member name=&#8221;Place of consultation&#8221; position=&#8221;Health Space &#8211; La Veveyse&#8221; image_url=&#8221;https:\/\/osteopathe-chatel.ch\/wp-content\/uploads\/2022\/01\/LogoLarge-1024&#215;404.png&#8221; _builder_version=&#8221;4.16&#8243; _module_preset=&#8221;5a88c8f9-2d12-45e8-9b9b-6ad00862b692&#8243; global_colors_info=&#8221;{}&#8221;]<\/p>\n<div class=\"od-profile-card-section-description-item\">\n<h4><\/h4>\n<h4><span style=\"font-size: small;\">Route de Vevey 5, 1618 Ch\u00e2tel-St-Denis<\/span><\/h4>\n<p>Above the pharmacy Saint-Denis, near the UBS of Ch\u00e2tel-St-Denis.<\/p>\n<\/div>\n<div class=\"od-profile-card-section-description-item\"><\/div>\n<p>[\/et_pb_team_member][\/et_pb_column][et_pb_column type=&#8221;1_4&#8243; _builder_version=&#8221;4.16&#8243; _module_preset=&#8221;default&#8221; global_colors_info=&#8221;{}&#8221;][\/et_pb_column][\/et_pb_row][et_pb_row _builder_version=&#8221;4.16&#8243; _module_preset=&#8221;default&#8221; global_colors_info=&#8221;{}&#8221;][et_pb_column type=&#8221;4_4&#8243; _builder_version=&#8221;4.16&#8243; _module_preset=&#8221;default&#8221; global_colors_info=&#8221;{}&#8221;][et_pb_code _builder_version=&#8221;4.16&#8243; _module_preset=&#8221;default&#8221; global_colors_info=&#8221;{}&#8221;]<script>window.addEventListener(\"message\",function(t){var e=t.data[\"od-widget-id\"],d=t.data[\"od-widget-height\"],a=t.data[\"od-widget-ios\"];if(e){var i=document.getElementById(\"od-widget-\"+e);d&&(i.style.height=d+\"px\"),!0===a&&(i.style.width=\"100px\",i.style[\"min-width\"]=\"100%\",i.scrolling=\"no\")}}),window.addEventListener(\"load\",function(t){for(var e=document.querySelectorAll(\"iframe.od-widget\"),d=0;d<e.length;d++){var a=e[d];a.dataset&#038;&#038;a.dataset.src&#038;&#038;(a.src=a.dataset.src)}});<\/script><iframe class=\"od-widget\" id=\"od-widget-dfd6df56497c4bae539eea17f615b106668d9328463d9d729e4f67f08ace1330\" src=\"about:blank\" data-src=\"https:\/\/www.onedoc.ch\/en\/widget\/dfd6df56497c4bae539eea17f615b106668d9328463d9d729e4f67f08ace1330\" frameborder=\"0\" style=\"width:100%;max-width:1024px;height:400px\"><\/iframe>[\/et_pb_code][\/et_pb_column][\/et_pb_row][et_pb_row _builder_version=\"4.16\" _module_preset=\"default\" global_colors_info=\"{}\"][et_pb_column type=\"4_4\" _builder_version=\"4.16\" _module_preset=\"default\" global_colors_info=\"{}\"][et_pb_text _builder_version=\"4.16\" _module_preset=\"default\" global_colors_info=\"{}\"]<\/p>\n<div class=\"et_pb_module et_pb_text et_pb_text_0 et_pb_text_align_left et_pb_bg_layout_light\">\n<div class=\"et_pb_text_inner\">\n<p>A wider choice of time slots is available on the <a href=\"https:\/\/osteopathe-chatel.ch\/en\/\">home page of our website Osteopathe-Chatel.ch<\/a><\/p>\n<\/div>\n<\/div>\n<p>[\/et_pb_text][\/et_pb_column][\/et_pb_row][et_pb_row _builder_version=\"4.16\" _module_preset=\"default\" global_colors_info=\"{}\"][et_pb_column type=\"4_4\" _builder_version=\"4.16\" _module_preset=\"default\" global_colors_info=\"{}\"][et_pb_button button_url=\"tel:0215190813\" button_text=\"021 519 21 13 (08:30-12:45; 1:15-7:00pm)\" _builder_version=\"4.21.2\" _module_preset=\"default\" global_colors_info=\"{}\"][\/et_pb_button][\/et_pb_column][\/et_pb_row][\/et_pb_section]<\/p>\n","protected":false},"excerpt":{"rendered":"<p><span><span><a href=\"https:\/\/osteopathe-chatel.ch\/en\/\">Our therapists<\/a><\/span><\/span> Graduate of the Superior Institute of Osteopathy of Lyon Spoken languages French and English Insurance networks ASCA, RME and Visana Route de Vevey 5, 1618 Ch\u00e2tel-St-Denis Above the pharmacy Saint-Denis, near the UBS of Ch\u00e2tel-St-Denis. A wider choice of time slots is available on the home page of our website Osteopathe-Chatel.ch<\/p>\n","protected":false},"author":1,"featured_media":0,"parent":0,"menu_order":0,"comment_status":"closed","ping_status":"closed","template":"","meta":{"_et_pb_use_builder":"on","_et_pb_old_content":"","_et_gb_content_width":"","footnotes":""},"class_list":["post-29775","page","type-page","status-publish","hentry"],"yoast_head":"<!-- This site is optimized with the Yoast SEO plugin v27.4 - https:\/\/yoast.com\/product\/yoast-seo-wordpress\/ -->\n<title>Aur\u00e9lien Huppert - Aur\u00e9lien Huppert et al.&#039;s osteopathy practice, at Espace Sant\u00e9 \u2013 La Veveyse, in Ch\u00e2tel-Saint-Denis.<\/title>\n<meta name=\"description\" content=\"St\u00e9phanie Marco and Aur\u00e9lien Huppert\u2019s osteopathy practice, in the heart of the Espace Sant\u00e9 \u2013 La Veveyse, in Ch\u00e2tel-Saint-Denis. \u2013 021 519 21 13 \u2013 Online appointment \u2013 Route de Vevey 5, 1618 Ch\u00e2tel-St-Denis - Aur\u00e9lien Huppert\" \/>\n<meta name=\"robots\" content=\"index, follow, max-snippet:-1, max-image-preview:large, max-video-preview:-1\" \/>\n<link rel=\"canonical\" href=\"https:\/\/osteopathe-chatel.ch\/en\/aurelien-huppert\/\" \/>\n<meta property=\"og:locale\" content=\"en_US\" \/>\n<meta property=\"og:type\" content=\"article\" \/>\n<meta property=\"og:title\" content=\"Aur\u00e9lien Huppert - Aur\u00e9lien Huppert et al.&#039;s osteopathy practice, at Espace Sant\u00e9 \u2013 La Veveyse, in Ch\u00e2tel-Saint-Denis.\" \/>\n<meta property=\"og:description\" content=\"St\u00e9phanie Marco and Aur\u00e9lien Huppert\u2019s osteopathy practice, in the heart of the Espace Sant\u00e9 \u2013 La Veveyse, in Ch\u00e2tel-Saint-Denis. \u2013 021 519 21 13 \u2013 Online appointment \u2013 Route de Vevey 5, 1618 Ch\u00e2tel-St-Denis - Aur\u00e9lien Huppert\" \/>\n<meta property=\"og:url\" content=\"https:\/\/osteopathe-chatel.ch\/en\/aurelien-huppert\/\" \/>\n<meta property=\"og:site_name\" content=\"Aur\u00e9lien Huppert et al.&#039;s osteopathy practice, at Espace Sant\u00e9 \u2013 La Veveyse, in Ch\u00e2tel-Saint-Denis.\" \/>\n<meta property=\"article:publisher\" content=\"https:\/\/www.facebook.com\/osteopathechatel.ch\" \/>\n<meta property=\"article:modified_time\" content=\"2025-02-04T16:09:18+00:00\" \/>\n<meta property=\"og:image\" content=\"https:\/\/osteopathe-chatel.ch\/wp-content\/uploads\/2024\/09\/LogoOC_500_Roue.png\" \/>\n\t<meta property=\"og:image:width\" content=\"500\" \/>\n\t<meta property=\"og:image:height\" content=\"197\" \/>\n\t<meta property=\"og:image:type\" content=\"image\/png\" \/>\n<meta name=\"twitter:card\" content=\"summary_large_image\" \/>\n<meta name=\"twitter:label1\" content=\"Est. reading time\" \/>\n\t<meta name=\"twitter:data1\" content=\"2 minutes\" \/>\n<script type=\"application\/ld+json\" class=\"yoast-schema-graph\">{\"@context\":\"https:\\\/\\\/schema.org\",\"@graph\":[{\"@type\":\"WebPage\",\"@id\":\"https:\\\/\\\/osteopathe-chatel.ch\\\/en\\\/aurelien-huppert\\\/\",\"url\":\"https:\\\/\\\/osteopathe-chatel.ch\\\/en\\\/aurelien-huppert\\\/\",\"name\":\"Aur\u00e9lien Huppert - Aur\u00e9lien Huppert et al.&#039;s osteopathy practice, at Espace Sant\u00e9 \u2013 La Veveyse, in Ch\u00e2tel-Saint-Denis.\",\"isPartOf\":{\"@id\":\"https:\\\/\\\/osteopathe-chatel.ch\\\/en\\\/#website\"},\"datePublished\":\"2020-11-30T17:57:21+00:00\",\"dateModified\":\"2025-02-04T16:09:18+00:00\",\"description\":\"St\u00e9phanie Marco and Aur\u00e9lien Huppert\u2019s osteopathy practice, in the heart of the Espace Sant\u00e9 \u2013 La Veveyse, in Ch\u00e2tel-Saint-Denis. \u2013 021 519 21 13 \u2013 Online appointment \u2013 Route de Vevey 5, 1618 Ch\u00e2tel-St-Denis - Aur\u00e9lien Huppert\",\"breadcrumb\":{\"@id\":\"https:\\\/\\\/osteopathe-chatel.ch\\\/en\\\/aurelien-huppert\\\/#breadcrumb\"},\"inLanguage\":\"en-US\",\"potentialAction\":[{\"@type\":\"ReadAction\",\"target\":[\"https:\\\/\\\/osteopathe-chatel.ch\\\/en\\\/aurelien-huppert\\\/\"]}]},{\"@type\":\"BreadcrumbList\",\"@id\":\"https:\\\/\\\/osteopathe-chatel.ch\\\/en\\\/aurelien-huppert\\\/#breadcrumb\",\"itemListElement\":[{\"@type\":\"ListItem\",\"position\":1,\"name\":\"Our therapists\",\"item\":\"https:\\\/\\\/osteopathe-chatel.ch\\\/en\\\/\"},{\"@type\":\"ListItem\",\"position\":2,\"name\":\"Aur\u00e9lien Huppert\"}]},{\"@type\":\"WebSite\",\"@id\":\"https:\\\/\\\/osteopathe-chatel.ch\\\/en\\\/#website\",\"url\":\"https:\\\/\\\/osteopathe-chatel.ch\\\/en\\\/\",\"name\":\"Aur\u00e9lien Huppert et al.&#039;s osteopathy practice, at Espace Sant\u00e9 \u2013 La Veveyse, in Ch\u00e2tel-Saint-Denis.\",\"description\":\"Prenez rendez-vous en ligne, nous vous recevons \u00e0 l&#039;Espace Sant\u00e9 - La Veveyse, \u00e0 Ch\u00e2tel-Saint-Denis\",\"publisher\":{\"@id\":\"https:\\\/\\\/osteopathe-chatel.ch\\\/en\\\/#organization\"},\"potentialAction\":[{\"@type\":\"SearchAction\",\"target\":{\"@type\":\"EntryPoint\",\"urlTemplate\":\"https:\\\/\\\/osteopathe-chatel.ch\\\/en\\\/?s={search_term_string}\"},\"query-input\":{\"@type\":\"PropertyValueSpecification\",\"valueRequired\":true,\"valueName\":\"search_term_string\"}}],\"inLanguage\":\"en-US\"},{\"@type\":\"Organization\",\"@id\":\"https:\\\/\\\/osteopathe-chatel.ch\\\/en\\\/#organization\",\"name\":\"Ost\u00e9opathe-Chatel.ch\",\"url\":\"https:\\\/\\\/osteopathe-chatel.ch\\\/en\\\/\",\"logo\":{\"@type\":\"ImageObject\",\"inLanguage\":\"en-US\",\"@id\":\"https:\\\/\\\/osteopathe-chatel.ch\\\/en\\\/#\\\/schema\\\/logo\\\/image\\\/\",\"url\":\"https:\\\/\\\/osteopathe-chatel.ch\\\/wp-content\\\/uploads\\\/2024\\\/09\\\/icone-blank-OC-500.png\",\"contentUrl\":\"https:\\\/\\\/osteopathe-chatel.ch\\\/wp-content\\\/uploads\\\/2024\\\/09\\\/icone-blank-OC-500.png\",\"width\":550,\"height\":550,\"caption\":\"Ost\u00e9opathe-Chatel.ch\"},\"image\":{\"@id\":\"https:\\\/\\\/osteopathe-chatel.ch\\\/en\\\/#\\\/schema\\\/logo\\\/image\\\/\"},\"sameAs\":[\"https:\\\/\\\/www.facebook.com\\\/osteopathechatel.ch\",\"https:\\\/\\\/www.instagram.com\\\/osteopathechatel.ch\\\/\"]}]}<\/script>\n<!-- \/ Yoast SEO plugin. -->","yoast_head_json":{"title":"Aur\u00e9lien Huppert - Aur\u00e9lien Huppert et al.&#039;s osteopathy practice, at Espace Sant\u00e9 \u2013 La Veveyse, in Ch\u00e2tel-Saint-Denis.","description":"St\u00e9phanie Marco and Aur\u00e9lien Huppert\u2019s osteopathy practice, in the heart of the Espace Sant\u00e9 \u2013 La Veveyse, in Ch\u00e2tel-Saint-Denis. \u2013 021 519 21 13 \u2013 Online appointment \u2013 Route de Vevey 5, 1618 Ch\u00e2tel-St-Denis - Aur\u00e9lien Huppert","robots":{"index":"index","follow":"follow","max-snippet":"max-snippet:-1","max-image-preview":"max-image-preview:large","max-video-preview":"max-video-preview:-1"},"canonical":"https:\/\/osteopathe-chatel.ch\/en\/aurelien-huppert\/","og_locale":"en_US","og_type":"article","og_title":"Aur\u00e9lien Huppert - Aur\u00e9lien Huppert et al.&#039;s osteopathy practice, at Espace Sant\u00e9 \u2013 La Veveyse, in Ch\u00e2tel-Saint-Denis.","og_description":"St\u00e9phanie Marco and Aur\u00e9lien Huppert\u2019s osteopathy practice, in the heart of the Espace Sant\u00e9 \u2013 La Veveyse, in Ch\u00e2tel-Saint-Denis. \u2013 021 519 21 13 \u2013 Online appointment \u2013 Route de Vevey 5, 1618 Ch\u00e2tel-St-Denis - Aur\u00e9lien Huppert","og_url":"https:\/\/osteopathe-chatel.ch\/en\/aurelien-huppert\/","og_site_name":"Aur\u00e9lien Huppert et al.&#039;s osteopathy practice, at Espace Sant\u00e9 \u2013 La Veveyse, in Ch\u00e2tel-Saint-Denis.","article_publisher":"https:\/\/www.facebook.com\/osteopathechatel.ch","article_modified_time":"2025-02-04T16:09:18+00:00","og_image":[{"width":500,"height":197,"url":"https:\/\/osteopathe-chatel.ch\/wp-content\/uploads\/2024\/09\/LogoOC_500_Roue.png","type":"image\/png"}],"twitter_card":"summary_large_image","twitter_misc":{"Est. reading time":"2 minutes"},"schema":{"@context":"https:\/\/schema.org","@graph":[{"@type":"WebPage","@id":"https:\/\/osteopathe-chatel.ch\/en\/aurelien-huppert\/","url":"https:\/\/osteopathe-chatel.ch\/en\/aurelien-huppert\/","name":"Aur\u00e9lien Huppert - Aur\u00e9lien Huppert et al.&#039;s osteopathy practice, at Espace Sant\u00e9 \u2013 La Veveyse, in Ch\u00e2tel-Saint-Denis.","isPartOf":{"@id":"https:\/\/osteopathe-chatel.ch\/en\/#website"},"datePublished":"2020-11-30T17:57:21+00:00","dateModified":"2025-02-04T16:09:18+00:00","description":"St\u00e9phanie Marco and Aur\u00e9lien Huppert\u2019s osteopathy practice, in the heart of the Espace Sant\u00e9 \u2013 La Veveyse, in Ch\u00e2tel-Saint-Denis. \u2013 021 519 21 13 \u2013 Online appointment \u2013 Route de Vevey 5, 1618 Ch\u00e2tel-St-Denis - Aur\u00e9lien Huppert","breadcrumb":{"@id":"https:\/\/osteopathe-chatel.ch\/en\/aurelien-huppert\/#breadcrumb"},"inLanguage":"en-US","potentialAction":[{"@type":"ReadAction","target":["https:\/\/osteopathe-chatel.ch\/en\/aurelien-huppert\/"]}]},{"@type":"BreadcrumbList","@id":"https:\/\/osteopathe-chatel.ch\/en\/aurelien-huppert\/#breadcrumb","itemListElement":[{"@type":"ListItem","position":1,"name":"Our therapists","item":"https:\/\/osteopathe-chatel.ch\/en\/"},{"@type":"ListItem","position":2,"name":"Aur\u00e9lien Huppert"}]},{"@type":"WebSite","@id":"https:\/\/osteopathe-chatel.ch\/en\/#website","url":"https:\/\/osteopathe-chatel.ch\/en\/","name":"Aur\u00e9lien Huppert et al.&#039;s osteopathy practice, at Espace Sant\u00e9 \u2013 La Veveyse, in Ch\u00e2tel-Saint-Denis.","description":"Prenez rendez-vous en ligne, nous vous recevons \u00e0 l&#039;Espace Sant\u00e9 - La Veveyse, \u00e0 Ch\u00e2tel-Saint-Denis","publisher":{"@id":"https:\/\/osteopathe-chatel.ch\/en\/#organization"},"potentialAction":[{"@type":"SearchAction","target":{"@type":"EntryPoint","urlTemplate":"https:\/\/osteopathe-chatel.ch\/en\/?s={search_term_string}"},"query-input":{"@type":"PropertyValueSpecification","valueRequired":true,"valueName":"search_term_string"}}],"inLanguage":"en-US"},{"@type":"Organization","@id":"https:\/\/osteopathe-chatel.ch\/en\/#organization","name":"Ost\u00e9opathe-Chatel.ch","url":"https:\/\/osteopathe-chatel.ch\/en\/","logo":{"@type":"ImageObject","inLanguage":"en-US","@id":"https:\/\/osteopathe-chatel.ch\/en\/#\/schema\/logo\/image\/","url":"https:\/\/osteopathe-chatel.ch\/wp-content\/uploads\/2024\/09\/icone-blank-OC-500.png","contentUrl":"https:\/\/osteopathe-chatel.ch\/wp-content\/uploads\/2024\/09\/icone-blank-OC-500.png","width":550,"height":550,"caption":"Ost\u00e9opathe-Chatel.ch"},"image":{"@id":"https:\/\/osteopathe-chatel.ch\/en\/#\/schema\/logo\/image\/"},"sameAs":["https:\/\/www.facebook.com\/osteopathechatel.ch","https:\/\/www.instagram.com\/osteopathechatel.ch\/"]}]}},"_links":{"self":[{"href":"https:\/\/osteopathe-chatel.ch\/en\/wp-json\/wp\/v2\/pages\/29775","targetHints":{"allow":["GET"]}}],"collection":[{"href":"https:\/\/osteopathe-chatel.ch\/en\/wp-json\/wp\/v2\/pages"}],"about":[{"href":"https:\/\/osteopathe-chatel.ch\/en\/wp-json\/wp\/v2\/types\/page"}],"author":[{"embeddable":true,"href":"https:\/\/osteopathe-chatel.ch\/en\/wp-json\/wp\/v2\/users\/1"}],"replies":[{"embeddable":true,"href":"https:\/\/osteopathe-chatel.ch\/en\/wp-json\/wp\/v2\/comments?post=29775"}],"version-history":[{"count":6,"href":"https:\/\/osteopathe-chatel.ch\/en\/wp-json\/wp\/v2\/pages\/29775\/revisions"}],"predecessor-version":[{"id":52635,"href":"https:\/\/osteopathe-chatel.ch\/en\/wp-json\/wp\/v2\/pages\/29775\/revisions\/52635"}],"wp:attachment":[{"href":"https:\/\/osteopathe-chatel.ch\/en\/wp-json\/wp\/v2\/media?parent=29775"}],"curies":[{"name":"wp","href":"https:\/\/api.w.org\/{rel}","templated":true}]}}